{"id":16,"date":"2023-11-27T17:42:19","date_gmt":"2023-11-27T16:42:19","guid":{"rendered":"http:\/\/adwokatura.krakow.pl\/adwokaci-i-aplikanci\/?page_id=16"},"modified":"2025-09-17T10:29:35","modified_gmt":"2025-09-17T08:29:35","slug":"npp","status":"publish","type":"page","link":"https:\/\/adwokatura.krakow.pl\/adwokaci-i-aplikanci\/dla-adwokatow\/npp\/","title":{"rendered":"NPP"},"content":{"rendered":"\n<p><strong>NIEODP\u0141ATNA POMOC PRAWNA <\/strong>| <strong>NIEODP\u0141ATNA MEDIACJA 2026<\/strong><\/p>\n\n\n\n<p><strong>Szanowni Pa\u0144stwo Adwokaci<\/strong> <\/p>\n\n\n\n<p><strong>Krakowskiej Izby Adwokackiej<\/strong><\/p>\n\n\n\n<p>Na podstawie Ustawy z dnia 05 sierpnia 2015 roku o nieodp\u0142atnej pomocy prawnej, nieodp\u0142atnym poradnictwie obywatelskim oraz edukacji prawnej (Dz. U. z 2024 r., poz. 1534, z 2025 r. poz. 1166.), jak r\u00f3wnie\u017c uchwa\u0142y podj\u0119tej przez Naczeln\u0105 Rad\u0119 Adwokack\u0105 w Warszawie (uchwa\u0142a nr 40\/2015 z dnia 19 wrze\u015bnia 2015 roku) Okr\u0119gowa Rada Adwokacka w Krakowie rozpoczyna nab\u00f3r skierowany do adwokat\u00f3w KIA, kt\u00f3rzy chcieliby \u015bwiadczy\u0107 nieodp\u0142atn\u0105 pomoc prawn\u0105\/ nieodp\u0142atn\u0105 mediacj\u0119 w roku 2026.<\/p>\n\n\n\n<p><strong>Nab\u00f3r prowadzony b\u0119dzie za po\u015brednictwem ankiety dost\u0119pnej poni\u017cej:<\/strong><\/p>\n\n\n<a class=\"button button--zielony-ze-strzalka\" href=\"https:\/\/docs.google.com\/forms\/d\/e\/1FAIpQLSe97DBZiZEWygnmrhybyqmNGh53K81JFGk4L61npFjWwH6Ohg\/viewform\">\n        ZAPISY<\/a>\n\n\n\n<p>Zainteresowani proszeni s\u0105 o wybranie&nbsp;<strong>wy\u0142\u0105cznie jednego<\/strong>&nbsp;<strong>powiatu\/gminy na prawach powiatu&nbsp;<\/strong>wg wykazu w ankiecie, a ponadto o podanie informacji o gotowo\u015bci \u015bwiadczenia dy\u017curu w ramach nieodp\u0142atnej mediacji. W tym ostatnim przypadku konieczne jest pozostawanie wpisanym na list\u0119 mediator\u00f3w prowadzon\u0105 przez w\u0142a\u015bciwy S\u0105d Okr\u0119gowy.<\/p>\n\n\n\n<p><strong>Zg\u0142oszenia przyjmowane b\u0119d\u0105 do dnia 13 pa\u017adziernika 2025 roku<\/strong><strong>.<\/strong><\/p>\n\n\n\n<p>Listy Adwokat\u00f3w, kt\u00f3rzy dokonaj\u0105 zg\u0142oszenia w terminie zostan\u0105 przekazane odpowiednim Starostom\/Prezydentom w kolejno\u015bci alfabetycznej.<\/p>\n\n\n\n<p><br>ORA w Krakowie nie wprowadza limit\u00f3w zg\u0142osze\u0144 oraz nie jest decydentem w sprawach dotycz\u0105cych podpisywania um\u00f3w bezpo\u015brednio z adwokatami.<\/p>\n\n\n\n<p>W razie dodatkowych pyta\u0144 prosz\u0119 o kontakt z biurem Rady,<br>e-mail:&nbsp;<a href=\"mailto:ora@adwokatura.krakow.pl\">ora@adwokatura.krakow.pl<\/a><\/p>\n\n\n\n<p><em>Z powa\u017caniem,<\/em><\/p>\n\n\n\n<p><em>Sekretarz&nbsp;Okr\u0119gowej Rady Adwokackiej&nbsp;w Krakowie<\/em><\/p>\n\n\n\n<p><em>adw. Marcin Kosiorkiewicz<\/em><\/p>\n\n\n\n<p>____________________________________________________________________________________________________________<\/p>\n\n\n\n<p><strong>Adwokaci Krakowskiej Izby Adwokackiej \u015bwiadcz\u0105 pomoc w ramach Nieodp\u0142atnej Pomocy Prawnej na terenie gmin i &nbsp;powiat\u00f3w, poni\u017cej linki do poszczeg\u00f3lnych gmin i powiat\u00f3w pod kt\u00f3rymi mo\u017cna znale\u017a\u0107 szczeg\u00f3\u0142owe informacje.<\/strong><\/p>\n\n\n\n<div class=\"wp-block-buttons is-layout-flex wp-block-buttons-is-layout-flex\">\n<div class=\"wp-block-button\"><a class=\"button wp-element-button\" href=\"https:\/\/www.gov.pl\/web\/nieodplatna-pomoc\">Nieodp\u0142atna pomoc<\/a><\/div>\n<\/div>\n\n\n\n<p><strong>Brzesko<\/strong> &#8211; <a href=\"https:\/\/www.powiatbrzeski.pl\/artykul\/167,nieodplatna-pomoc-prawna\">https:\/\/www.powiatbrzeski.pl\/artykul\/167,nieodplatna-pomoc-prawna<\/a><\/p>\n\n\n\n<p><strong>D\u0105browa Tarnowska<\/strong> &#8211; <a href=\"https:\/\/www.dabrowatar.sr.gov.pl\/nieodplatna-pomoc-prawna-i-nieodplatne-poradnictwo-obywatelskie,m,mg,3,161\">https:\/\/www.dabrowatar.sr.gov.pl\/nieodplatna-pomoc-prawna-i-nieodplatne-poradnictwo-obywatelskie,m,mg,3,161<\/a><\/p>\n\n\n\n<p><strong>D\u0119bica<\/strong> &#8211; <a href=\"http:\/\/powiatdebicki.pl\/dla-mieszkanca\/inne\/nieodplatna-pomoc-prawna\">http:\/\/powiatdebicki.pl\/dla-mieszkanca\/inne\/nieodplatna-pomoc-prawna<\/a><\/p>\n\n\n\n<p><strong>Gmina Miejska Krak\u00f3w<\/strong> &#8211; <a href=\"https:\/\/www.krakow.pl\/154843,artykul,nieodplatna_pomoc_prawna_i_nieodplatna_mediacja.html\">https:\/\/www.krakow.pl\/154843,artykul,nieodplatna_pomoc_prawna_i_nieodplatna_mediacja.html<\/a><\/p>\n\n\n\n<p><strong>Powiat Krakowski<\/strong> &#8211; <a href=\"https:\/\/powiat.krakow.pl\/nieodplatna-pomoc-prawna\/\">https:\/\/powiat.krakow.pl\/nieodplatna-pomoc-prawna\/<\/a><\/p>\n\n\n\n<p><strong>Gorlice<\/strong> &#8211; <a href=\"https:\/\/www.powiatgorlicki.pl\/index.php\/nieodplatna-pomoc-prawna\">https:\/\/www.powiatgorlicki.pl\/index.php\/nieodplatna-pomoc-prawna<\/a><\/p>\n\n\n\n<p><strong>Limanowa<\/strong> &#8211; <a href=\"https:\/\/powiat.limanowski.pl\/blog\/nieodplatna-pomoc-prawna-skierowana-do-osob-prowadzacych-jednoosobowa-dzialalnosc-gospodarcza-jest-pomoca-de-minimis\/\">https:\/\/powiat.limanowski.pl\/blog\/nieodplatna-pomoc-prawna-skierowana-do-osob-prowadzacych-jednoosobowa-dzialalnosc-gospodarcza-jest-pomoca-de-minimis\/<\/a><\/p>\n\n\n\n<p><strong>My\u015blenice <\/strong>&#8211; <a href=\"https:\/\/www.myslenicki.pl\/index.php\/dla-mieszkanca\/poradnik-interesanta\/nieodplatna-pomoc-prawna\">https:\/\/www.myslenicki.pl\/index.php\/dla-mieszkanca\/poradnik-interesanta\/nieodplatna-pomoc-prawna<\/a><\/p>\n\n\n\n<p><strong>Gmina Miejska Nowy S\u0105cz<\/strong> &#8211; <a href=\"https:\/\/mops.nowysacz.pl\/punkt-nieodplatnej-pomocy-prawnej\/\">https:\/\/mops.nowysacz.pl\/punkt-nieodplatnej-pomocy-prawnej\/<\/a><\/p>\n\n\n\n<p><strong>Powiat Nowos\u0105decki<\/strong> &#8211; <a href=\"https:\/\/nowosadecki.pl\/pl\/punkty-pomocy-prawnej-i-obywatelskiej\">https:\/\/nowosadecki.pl\/pl\/punkty-pomocy-prawnej-i-obywatelskiej<\/a><\/p>\n\n\n\n<p><strong>Nowy Targ<\/strong> &#8211; <a href=\"https:\/\/www.nowotarski.pl\/bip\/starostwo_powiatowe\/dokumenty\/nieodplatna-pomoc-prawna-304.html\">https:\/\/www.nowotarski.pl\/bip\/starostwo_powiatowe\/dokumenty\/nieodplatna-pomoc-prawna-304.html<\/a><\/p>\n\n\n\n<p><strong>Proszowice<\/strong> &#8211; <a href=\"https:\/\/samorzad.gov.pl\/web\/powiat-proszowicki\/nieodplatna-pomoc-prawna\">https:\/\/samorzad.gov.pl\/web\/powiat-proszowicki\/nieodplatna-pomoc-prawna<\/a><\/p>\n\n\n\n<p><strong>Gmina Miejska Tarn\u00f3w<\/strong> &#8211; <a href=\"https:\/\/tarnow.pl\/Dla-mieszkancow\/Urzad-Miasta\/Nieodplatna-pomoc-prawna\">https:\/\/tarnow.pl\/Dla-mieszkancow\/Urzad-Miasta\/Nieodplatna-pomoc-prawna<\/a><\/p>\n\n\n\n<p><strong>Powiat Tarnowski<\/strong> &#8211; <a href=\"https:\/\/www.sc.org.pl\/co-robimy\/nieodplatna-pomoc-prawna\/nasze-punkty-pomocy\/powiat-tarnowski-2022\/\">https:\/\/www.sc.org.pl\/co-robimy\/nieodplatna-pomoc-prawna\/nasze-punkty-pomocy\/powiat-tarnowski-2022\/<\/a><\/p>\n\n\n\n<p><strong>Powiat Tatrza\u0144ski<\/strong> &#8211; <a href=\"https:\/\/www.powiat.tatry.pl\/index.php\/urzad\/pomoc-prawna\">https:\/\/www.powiat.tatry.pl\/index.php\/urzad\/pomoc-prawna<\/a><\/p>\n\n\n\n<p><strong>Wieliczka<\/strong> &#8211; <a href=\"https:\/\/www.wieliczka.eu\/pl\/201129\/30091\/nieodplatna-pomoc-prawna-starostwo-powiatowe-w-wieliczce.html\">https:\/\/www.wieliczka.eu\/pl\/201129\/30091\/nieodplatna-pomoc-prawna-starostwo-powiatowe-w-wieliczce.html<\/a><\/p>\n","protected":false},"excerpt":{"rendered":"<p>NIEODP\u0141ATNA POMOC PRAWNA | NIEODP\u0141ATNA MEDIACJA 2026 Szanowni Pa\u0144stwo Adwokaci Krakowskiej Izby Adwokackiej Na podstawie Ustawy z dnia 05 sierpnia 2015 roku o nieodp\u0142atnej pomocy prawnej, nieodp\u0142atnym poradnictwie obywatelskim oraz edukacji prawnej (Dz. U. z 2024 r., poz. 1534, z 2025 r. poz. 1166.), jak r\u00f3wnie\u017c uchwa\u0142y podj\u0119tej przez Naczeln\u0105 Rad\u0119 Adwokack\u0105 w Warszawie (uchwa\u0142a [&hellip;]<\/p>\n","protected":false},"author":1,"featured_media":0,"parent":7,"menu_order":0,"comment_status":"closed","ping_status":"closed","template":"","meta":{"_acf_changed":false,"inline_featured_image":false,"footnotes":""},"class_list":["post-16","page","type-page","status-publish","hentry"],"acf":[],"_links":{"self":[{"href":"https:\/\/adwokatura.krakow.pl\/adwokaci-i-aplikanci\/wp-json\/wp\/v2\/pages\/16","targetHints":{"allow":["GET"]}}],"collection":[{"href":"https:\/\/adwokatura.krakow.pl\/adwokaci-i-aplikanci\/wp-json\/wp\/v2\/pages"}],"about":[{"href":"https:\/\/adwokatura.krakow.pl\/adwokaci-i-aplikanci\/wp-json\/wp\/v2\/types\/page"}],"author":[{"embeddable":true,"href":"https:\/\/adwokatura.krakow.pl\/adwokaci-i-aplikanci\/wp-json\/wp\/v2\/users\/1"}],"replies":[{"embeddable":true,"href":"https:\/\/adwokatura.krakow.pl\/adwokaci-i-aplikanci\/wp-json\/wp\/v2\/comments?post=16"}],"version-history":[{"count":17,"href":"https:\/\/adwokatura.krakow.pl\/adwokaci-i-aplikanci\/wp-json\/wp\/v2\/pages\/16\/revisions"}],"predecessor-version":[{"id":6258,"href":"https:\/\/adwokatura.krakow.pl\/adwokaci-i-aplikanci\/wp-json\/wp\/v2\/pages\/16\/revisions\/6258"}],"up":[{"embeddable":true,"href":"https:\/\/adwokatura.krakow.pl\/adwokaci-i-aplikanci\/wp-json\/wp\/v2\/pages\/7"}],"wp:attachment":[{"href":"https:\/\/adwokatura.krakow.pl\/adwokaci-i-aplikanci\/wp-json\/wp\/v2\/media?parent=16"}],"curies":[{"name":"wp","href":"https:\/\/api.w.org\/{rel}","templated":true}]}}