{"id":41,"date":"2023-11-27T17:43:30","date_gmt":"2023-11-27T16:43:30","guid":{"rendered":"http:\/\/adwokatura.krakow.pl\/adwokaci-i-aplikanci\/?page_id=41"},"modified":"2024-04-22T13:37:40","modified_gmt":"2024-04-22T11:37:40","slug":"do-pobrania","status":"publish","type":"page","link":"https:\/\/adwokatura.krakow.pl\/adwokaci-i-aplikanci\/dla-aplikantow\/do-pobrania\/","title":{"rendered":"Do pobrania"},"content":{"rendered":"\n<h4 class=\"wp-block-heading\">KOMUNIKAT W SPRAWIE SK\u0141ADEK I OP\u0141AT ZA APLIKACJ\u0118 ADWOKACK\u0104<\/h4>\n\n\n<div class=\"zalaczniki\">\n    \n    <div class=\"zalaczniki__wrap\">\n                        <div class=\"zalaczniki__single\">\n                <div class=\"zalaczniki__first\">\n                    <p class=\"zalaczniki__title\">\n                                                    KOMUNIKAT W SPRAWIE SK\u0141ADEK I OP\u0141AT ZA APLIKACJ\u0118 ADWOKACK\u0104                                            <\/p>\n                    <p class=\"zalaczniki__file-name\">\n                                                    Zalacznik-nr-3_KOMUNIKAT-ORA-WS.-OPLAT-DLA-APLIKANTOW-I-II-I-III-ROKU-APLIKACJI.pdf                                            <\/p>\n                <\/div>\n                <div class=\"zalaczniki__middle\">\n                                        <a href=\"https:\/\/adwokatura.krakow.pl\/adwokaci-i-aplikanci\/wp-content\/uploads\/sites\/2\/2024\/02\/Zalacznik-nr-3_KOMUNIKAT-ORA-WS.-OPLAT-DLA-APLIKANTOW-I-II-I-III-ROKU-APLIKACJI.pdf\">Zobacz plik<\/a>\n                                    <\/div>\n                <div class=\"zalaczniki__last\">\n                                        <a download href=\"https:\/\/adwokatura.krakow.pl\/adwokaci-i-aplikanci\/wp-content\/uploads\/sites\/2\/2024\/02\/Zalacznik-nr-3_KOMUNIKAT-ORA-WS.-OPLAT-DLA-APLIKANTOW-I-II-I-III-ROKU-APLIKACJI.pdf\">\n                            <img decoding=\"async\" src=\"https:\/\/adwokatura.krakow.pl\/adwokaci-i-aplikanci\/wp-content\/themes\/kia\/dist\/images\/download.svg\" alt=\"download\">\n                        <\/a>\n                                    <\/div>\n               \n            <\/div>\n                    <div class=\"zalaczniki__single\">\n                <div class=\"zalaczniki__first\">\n                    <p class=\"zalaczniki__title\">\n                                                    KOMUNIKAT ORA DLA APLIKANT\u00d3W KT\u00d3RZY UKO\u0143CZYLI APLIKACJ\u0118                                            <\/p>\n                    <p class=\"zalaczniki__file-name\">\n                                                    Zalacznik-nr-3a_KOMUNIKAT-ORA-DLA-APLIKANTOW-KTORZY-UKONCZYLI-APLIKACJE.pdf                                            <\/p>\n                <\/div>\n                <div class=\"zalaczniki__middle\">\n                                        <a href=\"https:\/\/adwokatura.krakow.pl\/adwokaci-i-aplikanci\/wp-content\/uploads\/sites\/2\/2024\/03\/Zalacznik-nr-3a_KOMUNIKAT-ORA-DLA-APLIKANTOW-KTORZY-UKONCZYLI-APLIKACJE.pdf\">Zobacz plik<\/a>\n                                    <\/div>\n                <div class=\"zalaczniki__last\">\n                                        <a download href=\"https:\/\/adwokatura.krakow.pl\/adwokaci-i-aplikanci\/wp-content\/uploads\/sites\/2\/2024\/03\/Zalacznik-nr-3a_KOMUNIKAT-ORA-DLA-APLIKANTOW-KTORZY-UKONCZYLI-APLIKACJE.pdf\">\n                            <img decoding=\"async\" src=\"https:\/\/adwokatura.krakow.pl\/adwokaci-i-aplikanci\/wp-content\/themes\/kia\/dist\/images\/download.svg\" alt=\"download\">\n                        <\/a>\n                                    <\/div>\n               \n            <\/div>\n                <\/div>\n<\/div>\n\n\n<h4 class=\"wp-block-heading\">REGULAMIN ODBYWANIA APLIKACJI<\/h4>\n\n\n<div class=\"zalaczniki\">\n    \n    <div class=\"zalaczniki__wrap\">\n                        <div class=\"zalaczniki__single\">\n                <div class=\"zalaczniki__first\">\n                    <p class=\"zalaczniki__title\">\n                                                    REGULAMIN ODBYWANIA APLIKACJI                                            <\/p>\n                    <p class=\"zalaczniki__file-name\">\n                                                    Zalacznik-nr-4_Regulamin-aplikacji-adwokackiej_tekst-jednolity-1.doc                                            <\/p>\n                <\/div>\n                <div class=\"zalaczniki__middle\">\n                                        <a href=\"https:\/\/adwokatura.krakow.pl\/adwokaci-i-aplikanci\/wp-content\/uploads\/sites\/2\/2024\/02\/Zalacznik-nr-4_Regulamin-aplikacji-adwokackiej_tekst-jednolity-1.doc\">Zobacz plik<\/a>\n                                    <\/div>\n                <div class=\"zalaczniki__last\">\n                                        <a download href=\"https:\/\/adwokatura.krakow.pl\/adwokaci-i-aplikanci\/wp-content\/uploads\/sites\/2\/2024\/02\/Zalacznik-nr-4_Regulamin-aplikacji-adwokackiej_tekst-jednolity-1.doc\">\n                            <img decoding=\"async\" src=\"https:\/\/adwokatura.krakow.pl\/adwokaci-i-aplikanci\/wp-content\/themes\/kia\/dist\/images\/download.svg\" alt=\"download\">\n                        <\/a>\n                                    <\/div>\n               \n            <\/div>\n                    <div class=\"zalaczniki__single\">\n                <div class=\"zalaczniki__first\">\n                    <p class=\"zalaczniki__title\">\n                                                    UCHWA\u0141A NR 34\/2021 Naczelnej Rady Adwokackiej z dnia 27 listopada 2021 r.                                            <\/p>\n                    <p class=\"zalaczniki__file-name\">\n                                                    Zalacznik-nr-4a_Uchwala-nra-nr-34-2021regulamin-aplikacji-adwokackiej-1.pdf                                            <\/p>\n                <\/div>\n                <div class=\"zalaczniki__middle\">\n                                        <a href=\"https:\/\/adwokatura.krakow.pl\/adwokaci-i-aplikanci\/wp-content\/uploads\/sites\/2\/2024\/02\/Zalacznik-nr-4a_Uchwala-nra-nr-34-2021regulamin-aplikacji-adwokackiej-1.pdf\">Zobacz plik<\/a>\n                                    <\/div>\n                <div class=\"zalaczniki__last\">\n                                        <a download href=\"https:\/\/adwokatura.krakow.pl\/adwokaci-i-aplikanci\/wp-content\/uploads\/sites\/2\/2024\/02\/Zalacznik-nr-4a_Uchwala-nra-nr-34-2021regulamin-aplikacji-adwokackiej-1.pdf\">\n                            <img decoding=\"async\" src=\"https:\/\/adwokatura.krakow.pl\/adwokaci-i-aplikanci\/wp-content\/themes\/kia\/dist\/images\/download.svg\" alt=\"download\">\n                        <\/a>\n                                    <\/div>\n               \n            <\/div>\n                <\/div>\n<\/div>\n\n\n<h4 class=\"wp-block-heading\">REGULAMIN KONKURS\u00d3W KRASOM\u00d3WCZYCH DLA APLIKANT\u00d3W ADWOKACKICH<\/h4>\n\n\n<div class=\"zalaczniki\">\n    \n    <div class=\"zalaczniki__wrap\">\n                        <div class=\"zalaczniki__single\">\n                <div class=\"zalaczniki__first\">\n                    <p class=\"zalaczniki__title\">\n                                                    REGULAMIN KONKURS\u00d3W KRASOM\u00d3WCZYCH DLA APLIKANT\u00d3W ADWOKACKICH                                            <\/p>\n                    <p class=\"zalaczniki__file-name\">\n                                                    Zalacznik-nr-5_Regulamin-konkursow-krasomowczych_tekst-jednolity-1.doc                                            <\/p>\n                <\/div>\n                <div class=\"zalaczniki__middle\">\n                                        <a href=\"https:\/\/adwokatura.krakow.pl\/adwokaci-i-aplikanci\/wp-content\/uploads\/sites\/2\/2024\/02\/Zalacznik-nr-5_Regulamin-konkursow-krasomowczych_tekst-jednolity-1.doc\">Zobacz plik<\/a>\n                                    <\/div>\n                <div class=\"zalaczniki__last\">\n                                        <a download href=\"https:\/\/adwokatura.krakow.pl\/adwokaci-i-aplikanci\/wp-content\/uploads\/sites\/2\/2024\/02\/Zalacznik-nr-5_Regulamin-konkursow-krasomowczych_tekst-jednolity-1.doc\">\n                            <img decoding=\"async\" src=\"https:\/\/adwokatura.krakow.pl\/adwokaci-i-aplikanci\/wp-content\/themes\/kia\/dist\/images\/download.svg\" alt=\"download\">\n                        <\/a>\n                                    <\/div>\n               \n            <\/div>\n                <\/div>\n<\/div>\n\n\n<h4 class=\"wp-block-heading\">KODEKS ETYKI ADWOKACKIEJ<\/h4>\n\n\n<div class=\"zalaczniki\">\n    \n    <div class=\"zalaczniki__wrap\">\n                        <div class=\"zalaczniki__single\">\n                <div class=\"zalaczniki__first\">\n                    <p class=\"zalaczniki__title\">\n                                                    KODEKS ETYKI ADWOKACKIEJ                                            <\/p>\n                    <p class=\"zalaczniki__file-name\">\n                                                    Zalacznik-nr-7_Zbior-zasad-Etyki.pdf                                            <\/p>\n                <\/div>\n                <div class=\"zalaczniki__middle\">\n                                        <a href=\"https:\/\/adwokatura.krakow.pl\/adwokaci-i-aplikanci\/wp-content\/uploads\/sites\/2\/2024\/02\/Zalacznik-nr-7_Zbior-zasad-Etyki.pdf\">Zobacz plik<\/a>\n                                    <\/div>\n                <div class=\"zalaczniki__last\">\n                                        <a download href=\"https:\/\/adwokatura.krakow.pl\/adwokaci-i-aplikanci\/wp-content\/uploads\/sites\/2\/2024\/02\/Zalacznik-nr-7_Zbior-zasad-Etyki.pdf\">\n                            <img decoding=\"async\" src=\"https:\/\/adwokatura.krakow.pl\/adwokaci-i-aplikanci\/wp-content\/themes\/kia\/dist\/images\/download.svg\" alt=\"download\">\n                        <\/a>\n                                    <\/div>\n               \n            <\/div>\n                    <div class=\"zalaczniki__single\">\n                <div class=\"zalaczniki__first\">\n                    <p class=\"zalaczniki__title\">\n                                                    ZMIANY W KODEKSIE ETYKI ADWOKACKIEJ                                            <\/p>\n                    <p class=\"zalaczniki__file-name\">\n                                                    Zalacznik-nr-7a_Zmiany-do-etyki.pdf                                            <\/p>\n                <\/div>\n                <div class=\"zalaczniki__middle\">\n                                        <a href=\"https:\/\/adwokatura.krakow.pl\/adwokaci-i-aplikanci\/wp-content\/uploads\/sites\/2\/2024\/02\/Zalacznik-nr-7a_Zmiany-do-etyki.pdf\">Zobacz plik<\/a>\n                                    <\/div>\n                <div class=\"zalaczniki__last\">\n                                        <a download href=\"https:\/\/adwokatura.krakow.pl\/adwokaci-i-aplikanci\/wp-content\/uploads\/sites\/2\/2024\/02\/Zalacznik-nr-7a_Zmiany-do-etyki.pdf\">\n                            <img decoding=\"async\" src=\"https:\/\/adwokatura.krakow.pl\/adwokaci-i-aplikanci\/wp-content\/themes\/kia\/dist\/images\/download.svg\" alt=\"download\">\n                        <\/a>\n                                    <\/div>\n               \n            <\/div>\n                <\/div>\n<\/div>\n\n\n<h4 class=\"wp-block-heading\">REGULAMIN WYKONYWANIA ZAWODU ADWOKATA<\/h4>\n\n\n<div class=\"zalaczniki\">\n    \n    <div class=\"zalaczniki__wrap\">\n                        <div class=\"zalaczniki__single\">\n                <div class=\"zalaczniki__first\">\n                    <p class=\"zalaczniki__title\">\n                                                    REGULAMIN WYKONYWANIA ZAWODU ADWOKATA                                            <\/p>\n                    <p class=\"zalaczniki__file-name\">\n                                                    Zalacznik-nr-8_Regulamin-wykonywania-zawodu-adwokata.pdf                                            <\/p>\n                <\/div>\n                <div class=\"zalaczniki__middle\">\n                                        <a href=\"https:\/\/adwokatura.krakow.pl\/adwokaci-i-aplikanci\/wp-content\/uploads\/sites\/2\/2024\/02\/Zalacznik-nr-8_Regulamin-wykonywania-zawodu-adwokata.pdf\">Zobacz plik<\/a>\n                                    <\/div>\n                <div class=\"zalaczniki__last\">\n                                        <a download href=\"https:\/\/adwokatura.krakow.pl\/adwokaci-i-aplikanci\/wp-content\/uploads\/sites\/2\/2024\/02\/Zalacznik-nr-8_Regulamin-wykonywania-zawodu-adwokata.pdf\">\n                            <img decoding=\"async\" src=\"https:\/\/adwokatura.krakow.pl\/adwokaci-i-aplikanci\/wp-content\/themes\/kia\/dist\/images\/download.svg\" alt=\"download\">\n                        <\/a>\n                                    <\/div>\n               \n            <\/div>\n                <\/div>\n<\/div>\n\n\n<h4 class=\"wp-block-heading\">INFORMACJE\/DOKUMENTY<\/h4>\n\n\n<div class=\"zalaczniki\">\n    \n    <div class=\"zalaczniki__wrap\">\n                        <div class=\"zalaczniki__single\">\n                <div class=\"zalaczniki__first\">\n                    <p class=\"zalaczniki__title\">\n                                                    Formularz opinii o aplikancie                                            <\/p>\n                    <p class=\"zalaczniki__file-name\">\n                                                    Zalacznik-nr-9_aplikacja_formularz_opinii_o_aplikancie-1.doc                                            <\/p>\n                <\/div>\n                <div class=\"zalaczniki__middle\">\n                                        <a href=\"https:\/\/adwokatura.krakow.pl\/adwokaci-i-aplikanci\/wp-content\/uploads\/sites\/2\/2024\/02\/Zalacznik-nr-9_aplikacja_formularz_opinii_o_aplikancie-1.doc\">Zobacz plik<\/a>\n                                    <\/div>\n                <div class=\"zalaczniki__last\">\n                                        <a download href=\"https:\/\/adwokatura.krakow.pl\/adwokaci-i-aplikanci\/wp-content\/uploads\/sites\/2\/2024\/02\/Zalacznik-nr-9_aplikacja_formularz_opinii_o_aplikancie-1.doc\">\n                            <img decoding=\"async\" src=\"https:\/\/adwokatura.krakow.pl\/adwokaci-i-aplikanci\/wp-content\/themes\/kia\/dist\/images\/download.svg\" alt=\"download\">\n                        <\/a>\n                                    <\/div>\n               \n            <\/div>\n                    <div class=\"zalaczniki__single\">\n                <div class=\"zalaczniki__first\">\n                    <p class=\"zalaczniki__title\">\n                                                    Kwestionariusz osobowy                                            <\/p>\n                    <p class=\"zalaczniki__file-name\">\n                                                    Zalacznik-nr-9a_kwestionariusz_osobowy-wpis-na-liste-2.doc                                            <\/p>\n                <\/div>\n                <div class=\"zalaczniki__middle\">\n                                        <a href=\"https:\/\/adwokatura.krakow.pl\/adwokaci-i-aplikanci\/wp-content\/uploads\/sites\/2\/2024\/02\/Zalacznik-nr-9a_kwestionariusz_osobowy-wpis-na-liste-2.doc\">Zobacz plik<\/a>\n                                    <\/div>\n                <div class=\"zalaczniki__last\">\n                                        <a download href=\"https:\/\/adwokatura.krakow.pl\/adwokaci-i-aplikanci\/wp-content\/uploads\/sites\/2\/2024\/02\/Zalacznik-nr-9a_kwestionariusz_osobowy-wpis-na-liste-2.doc\">\n                            <img decoding=\"async\" src=\"https:\/\/adwokatura.krakow.pl\/adwokaci-i-aplikanci\/wp-content\/themes\/kia\/dist\/images\/download.svg\" alt=\"download\">\n                        <\/a>\n                                    <\/div>\n               \n            <\/div>\n                    <div class=\"zalaczniki__single\">\n                <div class=\"zalaczniki__first\">\n                    <p class=\"zalaczniki__title\">\n                                                    Promesa                                            <\/p>\n                    <p class=\"zalaczniki__file-name\">\n                                                    Zalacznik-nr-9b_Promesa-objecia-patronatem-przez-adwokata.doc                                            <\/p>\n                <\/div>\n                <div class=\"zalaczniki__middle\">\n                                        <a href=\"https:\/\/adwokatura.krakow.pl\/adwokaci-i-aplikanci\/wp-content\/uploads\/sites\/2\/2024\/02\/Zalacznik-nr-9b_Promesa-objecia-patronatem-przez-adwokata.doc\">Zobacz plik<\/a>\n                                    <\/div>\n                <div class=\"zalaczniki__last\">\n                                        <a download href=\"https:\/\/adwokatura.krakow.pl\/adwokaci-i-aplikanci\/wp-content\/uploads\/sites\/2\/2024\/02\/Zalacznik-nr-9b_Promesa-objecia-patronatem-przez-adwokata.doc\">\n                            <img decoding=\"async\" src=\"https:\/\/adwokatura.krakow.pl\/adwokaci-i-aplikanci\/wp-content\/themes\/kia\/dist\/images\/download.svg\" alt=\"download\">\n                        <\/a>\n                                    <\/div>\n               \n            <\/div>\n                <\/div>\n<\/div>","protected":false},"excerpt":{"rendered":"<p>KOMUNIKAT W SPRAWIE SK\u0141ADEK I OP\u0141AT ZA APLIKACJ\u0118 ADWOKACK\u0104 REGULAMIN ODBYWANIA APLIKACJI REGULAMIN KONKURS\u00d3W KRASOM\u00d3WCZYCH DLA APLIKANT\u00d3W ADWOKACKICH KODEKS ETYKI ADWOKACKIEJ REGULAMIN WYKONYWANIA ZAWODU ADWOKATA INFORMACJE\/DOKUMENTY<\/p>\n","protected":false},"author":1,"featured_media":0,"parent":32,"menu_order":0,"comment_status":"closed","ping_status":"closed","template":"","meta":{"_acf_changed":false,"inline_featured_image":false,"footnotes":""},"class_list":["post-41","page","type-page","status-publish","hentry"],"acf":[],"_links":{"self":[{"href":"https:\/\/adwokatura.krakow.pl\/adwokaci-i-aplikanci\/wp-json\/wp\/v2\/pages\/41","targetHints":{"allow":["GET"]}}],"collection":[{"href":"https:\/\/adwokatura.krakow.pl\/adwokaci-i-aplikanci\/wp-json\/wp\/v2\/pages"}],"about":[{"href":"https:\/\/adwokatura.krakow.pl\/adwokaci-i-aplikanci\/wp-json\/wp\/v2\/types\/page"}],"author":[{"embeddable":true,"href":"https:\/\/adwokatura.krakow.pl\/adwokaci-i-aplikanci\/wp-json\/wp\/v2\/users\/1"}],"replies":[{"embeddable":true,"href":"https:\/\/adwokatura.krakow.pl\/adwokaci-i-aplikanci\/wp-json\/wp\/v2\/comments?post=41"}],"version-history":[{"count":9,"href":"https:\/\/adwokatura.krakow.pl\/adwokaci-i-aplikanci\/wp-json\/wp\/v2\/pages\/41\/revisions"}],"predecessor-version":[{"id":3688,"href":"https:\/\/adwokatura.krakow.pl\/adwokaci-i-aplikanci\/wp-json\/wp\/v2\/pages\/41\/revisions\/3688"}],"up":[{"embeddable":true,"href":"https:\/\/adwokatura.krakow.pl\/adwokaci-i-aplikanci\/wp-json\/wp\/v2\/pages\/32"}],"wp:attachment":[{"href":"https:\/\/adwokatura.krakow.pl\/adwokaci-i-aplikanci\/wp-json\/wp\/v2\/media?parent=41"}],"curies":[{"name":"wp","href":"https:\/\/api.w.org\/{rel}","templated":true}]}}