{"id":4359,"date":"2024-09-09T13:18:07","date_gmt":"2024-09-09T11:18:07","guid":{"rendered":"https:\/\/adwokatura.krakow.pl\/adwokaci-i-aplikanci\/?page_id=4359"},"modified":"2024-10-28T13:05:56","modified_gmt":"2024-10-28T12:05:56","slug":"kandydaci-na-stanowisko-rzecznika-dyscyplinarnego-krakowskiej-izby-adwokackiej","status":"publish","type":"page","link":"https:\/\/adwokatura.krakow.pl\/adwokaci-i-aplikanci\/zgromadzenie-krakowskiej-izby-adwokackiej-2024\/kandydaci-na-stanowisko-rzecznika-dyscyplinarnego-krakowskiej-izby-adwokackiej\/","title":{"rendered":"Kandydaci na stanowisko Rzecznika Dyscyplinarnego Krakowskiej Izby Adwokackiej"},"content":{"rendered":"\n<h2 class=\"wp-block-heading\">adw. Micha\u0142 Sowa<\/h2>\n\n\n\n<div class=\"wp-block-columns is-layout-flex wp-container-core-columns-is-layout-9d6595d7 wp-block-columns-is-layout-flex\">\n<div class=\"wp-block-column is-layout-flow wp-block-column-is-layout-flow\" style=\"flex-basis:33.33%\">\n<figure class=\"wp-block-image size-full\"><img decoding=\"async\" src=\"https:\/\/adwokatura.krakow.pl\/adwokaci-i-aplikanci\/wp-content\/uploads\/sites\/2\/2024\/10\/michal_sowa.webp\" alt=\"\" class=\"wp-image-4822\" \/><\/figure>\n<\/div>\n\n\n\n<div class=\"wp-block-column is-vertically-aligned-center is-layout-flow wp-block-column-is-layout-flow\" style=\"flex-basis:66.66%\">\n<p>Zaw\u00f3d adwokata wykonuje od 2005 roku, w roku 2005 uko\u0144czy\u0142 tak\u017ce studia doktoranckie na Uniwersytecie Jagiello\u0144skim (praca doktorska \u201ePrzest\u0119pczo\u015b\u0107 komputerowa \u2013 badanie skuteczno\u015bci i celowo\u015bci kryminalizacji\u201d).<\/p>\n\n\n\n<p>Prowadzi zaj\u0119cia szkoleniowe dla aplikant\u00f3w, jest egzaminatorem podczas kolokwi\u00f3w i egzamin\u00f3w adwokackich. W latach 2013-2016 zast\u0119pca cz\u0142onka Okr\u0119gowej Rady Adwokackiej, od 2020 roku pe\u0142ni funkcj\u0119 Rzecznika Dyscyplinarnego Krakowskiej Izby Adwokackiej.<\/p>\n\n\n\n<p>Autor artyku\u0142\u00f3w opublikowanych w uznanych czasopismach prawniczych, prelegent konferencji naukowych.<\/p>\n\n\n\n<p>Zawodowo zajmuje si\u0119 szeroko rozumianym prawem cywilnym oraz prawem zam\u00f3wie\u0144 publicznych, obs\u0142ug\u0105 podmiot\u00f3w gospodarczych i jednostek finans\u00f3w publicznych, mia\u0142 sw\u00f3j \u201eprawny udzia\u0142\u201d w powstaniu dw\u00f3ch znanych obiekt\u00f3w kultury w Krakowie.<\/p>\n\n\n\n<p>Cz\u0142onek Wojew\u00f3dzkiej Komisji do spraw Orzekania o Zdarzeniach Medycznych w Krakowie dzia\u0142aj\u0105cej przy Wojewodzie Ma\u0142opolskim przez dwie kadencje \u2013 od powstania Komisji w 2012 roku do zako\u0144czenia jej dzia\u0142alno\u015bci w 2024 roku.<\/p>\n\n\n\n<p>Od roku 2016 pozostaje mediatorem Centrum Mediacji przy Naczelnej Radzie Adwokackiej, wpisanym od roku 2017 tak\u017ce na list\u0119 sta\u0142ych mediator\u00f3w prowadzon\u0105 przez Prezesa S\u0105du Okr\u0119gowego w Krakowie.<\/p>\n\n\n\n<p>Prywatnie mi\u0142o\u015bnik fotografii &#8211; uczestnik kilku wystaw zbiorowych.<\/p>\n\n\n\n<p>Kandyduje na funkcj\u0119 Rzecznika Dyscyplinarnego Krakowskiej Izby Adwokackiej.<\/p>\n\n\n\n<p>Rola Rzecznika nie jest rol\u0105, kt\u00f3ra umo\u017cliwia\u0142aby przedstawienie programu dzia\u0142ania na kolejn\u0105 kadencj\u0119 innego, ni\u017c wynikaj\u0105cy z Regulaminu dzia\u0142ania rzecznik\u00f3w dyscyplinarnych\u2026 &#8211; w post\u0119powaniu dyscyplinarnym rzecznik dyscyplinarny izby adwokackiej kieruje si\u0119 normami prawnymi zawartymi w ustawach i regulaminie oraz postanowieniami uchwa\u0142 Naczelnej Rady Adwokackiej, a tak\u017ce zasadami bezstronno\u015bci, obiektywizmu, legalizmu, szybko\u015bci i r\u00f3wnego traktowania. Do post\u0119powania dyscyplinarnego uregulowanego w Prawie o adwokaturze stosuje si\u0119 tak\u017ce przepisy k.p.k., w tym pozostaje aktualny cel post\u0119powania \u2013 to jest aby sprawca zosta\u0142 wykryty i poci\u0105gni\u0119ty do odpowiedzialno\u015bci, a osoba niewinna nie ponios\u0142a tej odpowiedzialno\u015bci. Rol\u0105 Rzecznika nie jest zatem tylko i wy\u0142\u0105cznie prowadzenie post\u0119powa\u0144 w celu poci\u0105gni\u0119cia adwokat\u00f3w do odpowiedzialno\u015bci dyscyplinarnej, ale tak\u017ce poprzez zachowanie zasad bezstronno\u015bci, obiektywizmu i legalizmu zapewnienie, aby osoba niewinna odpowiedzialno\u015bci nie ponosi\u0142a.<\/p>\n\n\n\n<p>Pami\u0119ta\u0107 nale\u017cy, \u017ce bez nale\u017cytego dzia\u0142ania pionu dyscyplinarnego, niezale\u017cno\u015b\u0107 zawodu adwokata jako zawodu zaufania publicznego mo\u017ce by\u0107 zagro\u017cona. Zapewnienie w\u0142a\u015bciwej reakcji samorz\u0105du na przypadki naruszania zasad wykonywania zawodu pozwala chroni\u0107 samorz\u0105d przed pomys\u0142ami mog\u0105cymi zmierza\u0107 do przeniesienia wymierzania odpowiedzialno\u015bci dyscyplinarnej pod kontrol\u0119 w\u0142adzy wykonawczej.<\/p>\n\n\n\n<p><strong><em>Zg\u0142oszony przez adwokata Paw\u0142a Eilmesa<\/em><\/strong><\/p>\n<\/div>\n<\/div>\n","protected":false},"excerpt":{"rendered":"<p>adw. Micha\u0142 Sowa Zaw\u00f3d adwokata wykonuje od 2005 roku, w roku 2005 uko\u0144czy\u0142 tak\u017ce studia doktoranckie na Uniwersytecie Jagiello\u0144skim (praca doktorska \u201ePrzest\u0119pczo\u015b\u0107 komputerowa \u2013 badanie skuteczno\u015bci i celowo\u015bci kryminalizacji\u201d). Prowadzi zaj\u0119cia szkoleniowe dla aplikant\u00f3w, jest egzaminatorem podczas kolokwi\u00f3w i egzamin\u00f3w adwokackich. W latach 2013-2016 zast\u0119pca cz\u0142onka Okr\u0119gowej Rady Adwokackiej, od 2020 roku pe\u0142ni funkcj\u0119 Rzecznika [&hellip;]<\/p>\n","protected":false},"author":1,"featured_media":0,"parent":4340,"menu_order":0,"comment_status":"closed","ping_status":"closed","template":"","meta":{"_acf_changed":false,"inline_featured_image":false,"footnotes":""},"class_list":["post-4359","page","type-page","status-publish","hentry"],"acf":[],"_links":{"self":[{"href":"https:\/\/adwokatura.krakow.pl\/adwokaci-i-aplikanci\/wp-json\/wp\/v2\/pages\/4359","targetHints":{"allow":["GET"]}}],"collection":[{"href":"https:\/\/adwokatura.krakow.pl\/adwokaci-i-aplikanci\/wp-json\/wp\/v2\/pages"}],"about":[{"href":"https:\/\/adwokatura.krakow.pl\/adwokaci-i-aplikanci\/wp-json\/wp\/v2\/types\/page"}],"author":[{"embeddable":true,"href":"https:\/\/adwokatura.krakow.pl\/adwokaci-i-aplikanci\/wp-json\/wp\/v2\/users\/1"}],"replies":[{"embeddable":true,"href":"https:\/\/adwokatura.krakow.pl\/adwokaci-i-aplikanci\/wp-json\/wp\/v2\/comments?post=4359"}],"version-history":[{"count":6,"href":"https:\/\/adwokatura.krakow.pl\/adwokaci-i-aplikanci\/wp-json\/wp\/v2\/pages\/4359\/revisions"}],"predecessor-version":[{"id":4824,"href":"https:\/\/adwokatura.krakow.pl\/adwokaci-i-aplikanci\/wp-json\/wp\/v2\/pages\/4359\/revisions\/4824"}],"up":[{"embeddable":true,"href":"https:\/\/adwokatura.krakow.pl\/adwokaci-i-aplikanci\/wp-json\/wp\/v2\/pages\/4340"}],"wp:attachment":[{"href":"https:\/\/adwokatura.krakow.pl\/adwokaci-i-aplikanci\/wp-json\/wp\/v2\/media?parent=4359"}],"curies":[{"name":"wp","href":"https:\/\/api.w.org\/{rel}","templated":true}]}}