{"id":4363,"date":"2024-09-09T13:18:57","date_gmt":"2024-09-09T11:18:57","guid":{"rendered":"https:\/\/adwokatura.krakow.pl\/adwokaci-i-aplikanci\/?page_id=4363"},"modified":"2024-11-04T15:33:07","modified_gmt":"2024-11-04T14:33:07","slug":"kandydaci-na-czlonkow-komisji-rewizyjnej-krakowskiej-izby-adwokackiej","status":"publish","type":"page","link":"https:\/\/adwokatura.krakow.pl\/adwokaci-i-aplikanci\/zgromadzenie-krakowskiej-izby-adwokackiej-2024\/kandydaci-na-czlonkow-komisji-rewizyjnej-krakowskiej-izby-adwokackiej\/","title":{"rendered":"Kandydaci na Cz\u0142onk\u00f3w Komisji Rewizyjnej Krakowskiej Izby Adwokackiej"},"content":{"rendered":"\n<h2 class=\"wp-block-heading\">adw. Wojciech G\u0105siorowski<\/h2>\n\n\n\n<div class=\"wp-block-columns is-layout-flex wp-container-core-columns-is-layout-9d6595d7 wp-block-columns-is-layout-flex\">\n<div class=\"wp-block-column is-layout-flow wp-block-column-is-layout-flow\" style=\"flex-basis:33.33%\">\n<figure class=\"wp-block-image size-full\"><img loading=\"lazy\" decoding=\"async\" width=\"1200\" height=\"1600\" src=\"http:\/\/adwokatura.krakow.pl\/adwokaci-i-aplikanci\/wp-content\/uploads\/sites\/2\/2024\/10\/aaaaaaaaaaaaaaaaa20230227_123225-rotated.jpg\" alt=\"\" class=\"wp-image-5083\" srcset=\"https:\/\/adwokatura.krakow.pl\/adwokaci-i-aplikanci\/wp-content\/uploads\/sites\/2\/2024\/10\/aaaaaaaaaaaaaaaaa20230227_123225-rotated.jpg 1200w, https:\/\/adwokatura.krakow.pl\/adwokaci-i-aplikanci\/wp-content\/uploads\/sites\/2\/2024\/10\/aaaaaaaaaaaaaaaaa20230227_123225-225x300.jpg 225w, https:\/\/adwokatura.krakow.pl\/adwokaci-i-aplikanci\/wp-content\/uploads\/sites\/2\/2024\/10\/aaaaaaaaaaaaaaaaa20230227_123225-768x1024.jpg 768w, https:\/\/adwokatura.krakow.pl\/adwokaci-i-aplikanci\/wp-content\/uploads\/sites\/2\/2024\/10\/aaaaaaaaaaaaaaaaa20230227_123225-1152x1536.jpg 1152w\" sizes=\"auto, (max-width: 1200px) 100vw, 1200px\" \/><\/figure>\n<\/div>\n\n\n\n<div class=\"wp-block-column is-vertically-aligned-center is-layout-flow wp-block-column-is-layout-flow\" style=\"flex-basis:66.66%\">\n<p>Jestem cz\u0142onkiem Izby od 1986 roku, zosta\u0142em&nbsp; w tym roku wpisany na list\u0119 aplikant\u00f3w&nbsp; Izby, po wcze\u015bniejszym uko\u0144czeniu studi\u00f3w&nbsp; na Wydziale Prawa UJ.<\/p>\n\n\n\n<p>W trakcie aplikacji&nbsp; odby\u0142em obowi\u0105zkow\u0105 s\u0142u\u017cb\u0119 wojskow\u0105 a w 1987 roku rozpocz\u0105\u0142em prac\u0119 w charakterze&nbsp; aplikanta w \u00f3wczesnym&nbsp; Zespole Adwokackim w Nowym S\u0105czu.&nbsp;&nbsp; Czteroletni\u0105 aplikacj\u0119&nbsp; zako\u0144czy\u0142em w 1991 roku&nbsp; zdaniem egzaminu adwokackiego.&nbsp;&nbsp; Od tej pory wykonuj\u0119 zaw\u00f3d&nbsp; prowadz\u0105c w\u0142asn\u0105 kancelari\u0119.&nbsp; Zar\u00f3wno aplikacj\u0119 jak i pocz\u0105tki w\u0142asnej praktyki odbywa\u0142em pod \u017cyczliwym okiem i opiek\u0105&nbsp; doskona\u0142ych&nbsp; prawnik\u00f3w&nbsp; s\u0105deckich, wspania\u0142ych i rzetelnych adwokat\u00f3w.<\/p>\n\n\n\n<p>Dotychczas nie pe\u0142ni\u0142em \u017cadnych funkcji w samorz\u0105dzie, by\u0142em i jestem zaanga\u017cowany w dzia\u0142alno\u015b\u0107&nbsp;&nbsp; spo\u0142eczn\u0105 i obywatelsk\u0105, aktywnie uczestniczy\u0142em w dzia\u0142aniach opozycji demokratycznej zar\u00f3wno w okresie&nbsp; lat osiemdziesi\u0105tych&nbsp; jak i w okresie&nbsp; ostatnich&nbsp; dziesi\u0119ciu lat.<\/p>\n\n\n\n<p>Moj\u0105 pasj\u0105&nbsp; jest&nbsp; jazda&nbsp; rowerowa, jestem aktywnym cz\u0142onkiem Klubu Rowerowego Adwokatury Polskiej.<\/p>\n\n\n\n<p>Adwokat Wojciech G\u0105siorowski<\/p>\n\n\n\n<p><strong><em>Zg\u0142oszony przez<\/em><\/strong> <strong><em>adwokata Monik\u0119 Gurbiel<\/em><\/strong><\/p>\n<\/div>\n<\/div>\n\n\n\n<h2 class=\"wp-block-heading\">adw. Szymon Gosty\u0144ski<\/h2>\n\n\n\n<div class=\"wp-block-columns is-layout-flex wp-container-core-columns-is-layout-9d6595d7 wp-block-columns-is-layout-flex\">\n<div class=\"wp-block-column is-layout-flow wp-block-column-is-layout-flow\" style=\"flex-basis:33.33%\">\n<figure class=\"wp-block-image size-full\"><img loading=\"lazy\" decoding=\"async\" width=\"1657\" height=\"2070\" src=\"http:\/\/adwokatura.krakow.pl\/adwokaci-i-aplikanci\/wp-content\/uploads\/sites\/2\/2024\/10\/Szymon-Gostynski.jpg\" alt=\"\" class=\"wp-image-5079\" srcset=\"https:\/\/adwokatura.krakow.pl\/adwokaci-i-aplikanci\/wp-content\/uploads\/sites\/2\/2024\/10\/Szymon-Gostynski.jpg 1657w, https:\/\/adwokatura.krakow.pl\/adwokaci-i-aplikanci\/wp-content\/uploads\/sites\/2\/2024\/10\/Szymon-Gostynski-240x300.jpg 240w, https:\/\/adwokatura.krakow.pl\/adwokaci-i-aplikanci\/wp-content\/uploads\/sites\/2\/2024\/10\/Szymon-Gostynski-820x1024.jpg 820w, https:\/\/adwokatura.krakow.pl\/adwokaci-i-aplikanci\/wp-content\/uploads\/sites\/2\/2024\/10\/Szymon-Gostynski-768x959.jpg 768w, https:\/\/adwokatura.krakow.pl\/adwokaci-i-aplikanci\/wp-content\/uploads\/sites\/2\/2024\/10\/Szymon-Gostynski-1230x1536.jpg 1230w, https:\/\/adwokatura.krakow.pl\/adwokaci-i-aplikanci\/wp-content\/uploads\/sites\/2\/2024\/10\/Szymon-Gostynski-1639x2048.jpg 1639w\" sizes=\"auto, (max-width: 1657px) 100vw, 1657px\" \/><\/figure>\n<\/div>\n\n\n\n<div class=\"wp-block-column is-vertically-aligned-center is-layout-flow wp-block-column-is-layout-flow\" style=\"flex-basis:66.66%\">\n<p>Absolwent Wydzia\u0142u Prawa i Administracji UJ (2001), z wyr\u00f3\u017cnieniem. Uko\u0144czy\u0142 r\u00f3wnie\u017c Szko\u0142\u0119 Prawa Niemieckiego i Program Prawa Austriackiego. Aplikacj\u0119 adwokack\u0105 odby\u0142 pod kierunkiem prof. Andrzeja Kubasa, pracuj\u0105c jednocze\u015bnie w kancelarii KKG-Adwokaci. W zwi\u0105zku ze zdobytym wykszta\u0142ceniem prawniczym na Uniwersytecie Jagiello\u0144skim i Widener University School of Law (USA), posiada uprawnienia adwokackie w Polsce i Nowym Jorku&nbsp; (New York State Bar Exam). Od 2006 roku prowadzi kancelari\u0119 Gosty\u0144ski i Wsp\u00f3lnicy, w kt\u00f3rej koncentruje si\u0119 na obs\u0142udze prawnej podmiot\u00f3w zagranicznych dzia\u0142aj\u0105cych w Polsce. W KIA dzia\u0142a\u0142 w przesz\u0142o\u015bci w komisji mi\u0119dzynarodowej; w latach 2020-2024 cz\u0142onek Komisji Rewizyjnej KIA.<\/p>\n\n\n\n<p><strong><em>Zg\u0142oszony przez<\/em><\/strong> <strong><em>adwokata Monik\u0119 Gurbiel<\/em><\/strong><\/p>\n<\/div>\n<\/div>\n\n\n\n<h2 class=\"wp-block-heading\">adw. Monika Jadach<\/h2>\n\n\n\n<div class=\"wp-block-columns is-layout-flex wp-container-core-columns-is-layout-9d6595d7 wp-block-columns-is-layout-flex\">\n<div class=\"wp-block-column is-layout-flow wp-block-column-is-layout-flow\" style=\"flex-basis:33.33%\">\n<figure class=\"wp-block-image size-full\"><img loading=\"lazy\" decoding=\"async\" width=\"1264\" height=\"1201\" src=\"http:\/\/adwokatura.krakow.pl\/adwokaci-i-aplikanci\/wp-content\/uploads\/sites\/2\/2024\/10\/mjadach.jpg\" alt=\"\" class=\"wp-image-4711\" srcset=\"https:\/\/adwokatura.krakow.pl\/adwokaci-i-aplikanci\/wp-content\/uploads\/sites\/2\/2024\/10\/mjadach.jpg 1264w, https:\/\/adwokatura.krakow.pl\/adwokaci-i-aplikanci\/wp-content\/uploads\/sites\/2\/2024\/10\/mjadach-300x285.jpg 300w, https:\/\/adwokatura.krakow.pl\/adwokaci-i-aplikanci\/wp-content\/uploads\/sites\/2\/2024\/10\/mjadach-1024x973.jpg 1024w, https:\/\/adwokatura.krakow.pl\/adwokaci-i-aplikanci\/wp-content\/uploads\/sites\/2\/2024\/10\/mjadach-768x730.jpg 768w\" sizes=\"auto, (max-width: 1264px) 100vw, 1264px\" \/><\/figure>\n<\/div>\n\n\n\n<div class=\"wp-block-column is-vertically-aligned-center is-layout-flow wp-block-column-is-layout-flow\" style=\"flex-basis:66.66%\">\n<p>Szanowni Pa\u0144stwo, kandyduj\u0119 na cz\u0142onka Komisji Rewizyjnej oraz na delegata na Krajowy Zjazd Adwokatury, aby wnie\u015b\u0107 swoje zdobyte do\u015bwiadczenie i zaanga\u017cowanie na rzecz lepszej organizacji dzia\u0142a\u0144 Izby Adwokackiej. Dzi\u0119ki innowacyjnemu spojrzeniu, kt\u00f3rym si\u0119 kieruj\u0119 mog\u0119 wprowadza\u0107 \u015bwie\u017ce pomys\u0142y i nowoczesne podej\u015bcie do pracy, jednocze\u015bnie z szacunkiem odnosz\u0105c si\u0119 do tradycji i warto\u015bci, kt\u00f3re s\u0105 fundamentem naszego zawodu. Moj\u0105 mocn\u0105 stron\u0105 jest umiej\u0119tno\u015b\u0107 pracy zespo\u0142owej, jak r\u00f3wnie\u017c zdolno\u015b\u0107 analitycznego my\u015blenia i skrupulatno\u015b\u0107, kt\u00f3re s\u0105 niezb\u0119dne w skutecznej kontroli wewn\u0119trznej. Od pocz\u0105tku swojej drogi zawodowej stawiam na rzetelno\u015b\u0107, wsp\u00f3\u0142prac\u0119 oraz przestrzeganie najwy\u017cszych standard\u00f3w etycznych. Uwa\u017cam, \u017ce odpowiedzialne zarz\u0105dzanie i kontrola s\u0105 kluczowe dla utrzymania zaufania wobec naszego samorz\u0105du. Kandyduj\u0119 z przekonaniem, \u017ce moja dotychczasowa praktyka i zaanga\u017cowanie spo\u0142eczne na rzecz innych adwokat\u00f3w i aplikant\u00f3w adwokackich (samorz\u0105du aplikant\u00f3w) b\u0119d\u0105 aktualnie warto\u015bciowym wk\u0142adem w prac\u0119 na rzecz Izby Adwokackiej. Jako by\u0142y uczestnik Og\u00f3lnopolskiego Forum Aplikant\u00f3w Adwokackich s\u0105 mi znane postulaty m\u0142odych adwokat\u00f3w i aplikant\u00f3w, kt\u00f3re powinny zosta\u0107 przedstawione na Krajowym Zje\u017adzie Adwokatury. Dodatkowo wierz\u0119, \u017ce Adwokatura to co\u015b wi\u0119cej ni\u017c praca \u2013 to odpowiedzialno\u015b\u0107, pasja i s\u0142u\u017cba drugiemu cz\u0142owiekowi. B\u0119d\u0119 zaszczycona mog\u0105c wspiera\u0107 nasz\u0105 Izb\u0119 w tej roli.<\/p>\n\n\n\n<p><strong><em>Zg\u0142oszona przez adwokata Monik\u0119 Jadach<\/em><\/strong><\/p>\n<\/div>\n<\/div>\n\n\n\n<h2 class=\"wp-block-heading\">adw. \u0141ukasz Lewandowski<\/h2>\n\n\n\n<div class=\"wp-block-columns is-layout-flex wp-container-core-columns-is-layout-9d6595d7 wp-block-columns-is-layout-flex\">\n<div class=\"wp-block-column is-layout-flow wp-block-column-is-layout-flow\" style=\"flex-basis:33.33%\">\n<figure class=\"wp-block-image size-full\"><img loading=\"lazy\" decoding=\"async\" width=\"323\" height=\"323\" src=\"http:\/\/adwokatura.krakow.pl\/adwokaci-i-aplikanci\/wp-content\/uploads\/sites\/2\/2024\/11\/image.jpeg\" alt=\"\" class=\"wp-image-5110\" srcset=\"https:\/\/adwokatura.krakow.pl\/adwokaci-i-aplikanci\/wp-content\/uploads\/sites\/2\/2024\/11\/image.jpeg 323w, https:\/\/adwokatura.krakow.pl\/adwokaci-i-aplikanci\/wp-content\/uploads\/sites\/2\/2024\/11\/image-300x300.jpeg 300w, https:\/\/adwokatura.krakow.pl\/adwokaci-i-aplikanci\/wp-content\/uploads\/sites\/2\/2024\/11\/image-150x150.jpeg 150w\" sizes=\"auto, (max-width: 323px) 100vw, 323px\" \/><\/figure>\n<\/div>\n\n\n\n<div class=\"wp-block-column is-vertically-aligned-center is-layout-flow wp-block-column-is-layout-flow\" style=\"flex-basis:66.66%\">\n<p>Zaw\u00f3d Adwokata wykonuj\u0119 od 2010 roku. Niezale\u017cnie od prowadzonej kancelarii indywidualnej, przez 5 lat by\u0142em wiceprzewodnicz\u0105cym rady nadzorczej jednej ze sp\u00f3\u0142ek akcyjnych SP, dzi\u0119ki czemu posiadam do\u015bwiadczenie w zakresie zada\u0144 w\u0142a\u015bciwych dla Komisji Rewizyjnej.<\/p>\n\n\n\n<p>W relacjach z Kole\u017cankami i Kolegami z Adwokatury oraz w codziennej pracy stawiam na uczciwo\u015b\u0107 i otwarto\u015b\u0107.<\/p>\n\n\n\n<p>Jestem zwolennikiem szeroko poj\u0119tej integracji Adwokatury, stawiaj\u0105c znak r\u00f3wno\u015bci mi\u0119dzy zjednoczon\u0105, a siln\u0105 Adwokatur\u0105. Od wielu lat reprezentuj\u0119 nasz\u0105 Izb\u0119 na turniejach pi\u0142karskich.<\/p>\n\n\n\n<p><br><strong><em>Zg\u0142oszony przez<\/em><\/strong> <strong><em>adwokata Aleksandra Guta<\/em><\/strong><\/p>\n<\/div>\n<\/div>\n\n\n\n<h2 class=\"wp-block-heading\">adw. dr \u0141ukasz Pa\u0142ka<\/h2>\n\n\n\n<div class=\"wp-block-columns is-layout-flex wp-container-core-columns-is-layout-9d6595d7 wp-block-columns-is-layout-flex\">\n<div class=\"wp-block-column is-layout-flow wp-block-column-is-layout-flow\" style=\"flex-basis:33.33%\">\n<figure class=\"wp-block-image size-full\"><img loading=\"lazy\" decoding=\"async\" width=\"359\" height=\"626\" src=\"https:\/\/adwokatura.krakow.pl\/adwokaci-i-aplikanci\/wp-content\/uploads\/sites\/2\/2024\/10\/Lukasz-Palka.jpg\" alt=\"\" class=\"wp-image-5066\" srcset=\"https:\/\/adwokatura.krakow.pl\/adwokaci-i-aplikanci\/wp-content\/uploads\/sites\/2\/2024\/10\/Lukasz-Palka.jpg 359w, https:\/\/adwokatura.krakow.pl\/adwokaci-i-aplikanci\/wp-content\/uploads\/sites\/2\/2024\/10\/Lukasz-Palka-172x300.jpg 172w\" sizes=\"auto, (max-width: 359px) 100vw, 359px\" \/><\/figure>\n<\/div>\n\n\n\n<div class=\"wp-block-column is-vertically-aligned-center is-layout-flow wp-block-column-is-layout-flow\" style=\"flex-basis:66.66%\">\n<p>absolwent Uniwersytetu Jagiello\u0144skiego w Krakowie, adwokat, doktor prawa, wyk\u0142adowca akademicki, mediator wpisany na list\u0119 sta\u0142ych mediator\u00f3w S\u0105du Okr\u0119gowego w Krakowie. ekspert Polskiej Izby Spedycji i Logistyki<\/p>\n\n\n\n<p><strong><em>Zg\u0142oszony przez<\/em><\/strong> <strong><em>adwokata Aleksandra Guta<\/em><\/strong><\/p>\n<\/div>\n<\/div>\n\n\n\n<h2 class=\"wp-block-heading\">adw. Klaudia So\u0142tysi\u0144ska<\/h2>\n\n\n\n<div class=\"wp-block-columns is-layout-flex wp-container-core-columns-is-layout-9d6595d7 wp-block-columns-is-layout-flex\">\n<div class=\"wp-block-column is-layout-flow wp-block-column-is-layout-flow\" style=\"flex-basis:33.33%\">\n<figure class=\"wp-block-image size-full\"><img loading=\"lazy\" decoding=\"async\" width=\"1200\" height=\"1800\" src=\"http:\/\/adwokatura.krakow.pl\/adwokaci-i-aplikanci\/wp-content\/uploads\/sites\/2\/2024\/10\/aaakajbfkfn-2a.jpg\" alt=\"\" class=\"wp-image-5077\" srcset=\"https:\/\/adwokatura.krakow.pl\/adwokaci-i-aplikanci\/wp-content\/uploads\/sites\/2\/2024\/10\/aaakajbfkfn-2a.jpg 1200w, https:\/\/adwokatura.krakow.pl\/adwokaci-i-aplikanci\/wp-content\/uploads\/sites\/2\/2024\/10\/aaakajbfkfn-2a-200x300.jpg 200w, https:\/\/adwokatura.krakow.pl\/adwokaci-i-aplikanci\/wp-content\/uploads\/sites\/2\/2024\/10\/aaakajbfkfn-2a-683x1024.jpg 683w, https:\/\/adwokatura.krakow.pl\/adwokaci-i-aplikanci\/wp-content\/uploads\/sites\/2\/2024\/10\/aaakajbfkfn-2a-768x1152.jpg 768w, https:\/\/adwokatura.krakow.pl\/adwokaci-i-aplikanci\/wp-content\/uploads\/sites\/2\/2024\/10\/aaakajbfkfn-2a-1024x1536.jpg 1024w\" sizes=\"auto, (max-width: 1200px) 100vw, 1200px\" \/><\/figure>\n<\/div>\n\n\n\n<div class=\"wp-block-column is-vertically-aligned-center is-layout-flow wp-block-column-is-layout-flow\" style=\"flex-basis:66.66%\">\n<p>tre\u015b\u0107&#8230;&#8230;&#8230;&#8230;&#8230;&#8230;&#8230;&#8230;&#8230;&#8230;&#8230;&#8230;&#8230;&#8230;&#8230;&#8230;&#8230;&#8230;&#8230;&#8230;&#8230;&#8230;&#8230;&#8230;&#8230;&#8230;&#8230;&#8230;&#8230;&#8230;&#8230;&#8230;&#8230;&#8230;&#8230;&#8230;&#8230;&#8230;&#8230;&#8230;&#8230;&#8230;&#8230;&#8230;&#8230;&#8230;&#8230;&#8230;&#8230;&#8230;&#8230;&#8230;&#8230;&#8230;&#8230;&#8230;&#8230;&#8230;&#8230;&#8230;&#8230;&#8230;&#8230;&#8230;&#8230;&#8230;&#8230;&#8230;&#8230;&#8230;&#8230;&#8230;&#8230;&#8230;&#8230;&#8230;&#8230;&#8230;&#8230;&#8230;&#8230;&#8230;&#8230;&#8230;&#8230;&#8230;&#8230;&#8230;&#8230;&#8230;&#8230;&#8230;&#8230;&#8230;&#8230;&#8230;&#8230;&#8230;&#8230;&#8230;&#8230;&#8230;&#8230;&#8230;&#8230;&#8230;&#8230;&#8230;&#8230;&#8230;&#8230;&#8230;&#8230;&#8230;&#8230;&#8230;&#8230;&#8230;&#8230;&#8230;&#8230;&#8230;&#8230;&#8230;&#8230;&#8230;&#8230;&#8230;&#8230;&#8230;&#8230;&#8230;&#8230;&#8230;&#8230;&#8230;&#8230;&#8230;&#8230;&#8230;&#8230;&#8230;&#8230;&#8230;&#8230;&#8230;&#8230;&#8230;&#8230;&#8230;&#8230;&#8230;&#8230;&#8230;&#8230;&#8230;&#8230;&#8230;&#8230;&#8230;&#8230;&#8230;&#8230;&#8230;&#8230;&#8230;&#8230;&#8230;&#8230;&#8230;&#8230;&#8230;&#8230;&#8230;&#8230;&#8230;&#8230;&#8230;&#8230;&#8230;&#8230;&#8230;&#8230;&#8230;&#8230;&#8230;&#8230;&#8230;&#8230;&#8230;&#8230;&#8230;&#8230;&#8230;&#8230;&#8230;&#8230;&#8230;&#8230;&#8230;&#8230;&#8230;&#8230;&#8230;&#8230;&#8230;&#8230;&#8230;&#8230;&#8230;&#8230;&#8230;&#8230;&#8230;&#8230;&#8230;&#8230;&#8230;&#8230;&#8230;&#8230;&#8230;&#8230;&#8230;&#8230;&#8230;&#8230;&#8230;&#8230;&#8230;&#8230;&#8230;<\/p>\n\n\n\n<p><strong><em>Zg\u0142oszona przez<\/em><\/strong> <strong><em>adwokata Monik\u0119 Gurbiel<\/em><\/strong><\/p>\n<\/div>\n<\/div>\n","protected":false},"excerpt":{"rendered":"<p>adw. Wojciech G\u0105siorowski Jestem cz\u0142onkiem Izby od 1986 roku, zosta\u0142em&nbsp; w tym roku wpisany na list\u0119 aplikant\u00f3w&nbsp; Izby, po wcze\u015bniejszym uko\u0144czeniu studi\u00f3w&nbsp; na Wydziale Prawa UJ. W trakcie aplikacji&nbsp; odby\u0142em obowi\u0105zkow\u0105 s\u0142u\u017cb\u0119 wojskow\u0105 a w 1987 roku rozpocz\u0105\u0142em prac\u0119 w charakterze&nbsp; aplikanta w \u00f3wczesnym&nbsp; Zespole Adwokackim w Nowym S\u0105czu.&nbsp;&nbsp; Czteroletni\u0105 aplikacj\u0119&nbsp; zako\u0144czy\u0142em w 1991 roku&nbsp; [&hellip;]<\/p>\n","protected":false},"author":1,"featured_media":0,"parent":4340,"menu_order":0,"comment_status":"closed","ping_status":"closed","template":"","meta":{"_acf_changed":false,"inline_featured_image":false,"footnotes":""},"class_list":["post-4363","page","type-page","status-publish","hentry"],"acf":[],"_links":{"self":[{"href":"https:\/\/adwokatura.krakow.pl\/adwokaci-i-aplikanci\/wp-json\/wp\/v2\/pages\/4363","targetHints":{"allow":["GET"]}}],"collection":[{"href":"https:\/\/adwokatura.krakow.pl\/adwokaci-i-aplikanci\/wp-json\/wp\/v2\/pages"}],"about":[{"href":"https:\/\/adwokatura.krakow.pl\/adwokaci-i-aplikanci\/wp-json\/wp\/v2\/types\/page"}],"author":[{"embeddable":true,"href":"https:\/\/adwokatura.krakow.pl\/adwokaci-i-aplikanci\/wp-json\/wp\/v2\/users\/1"}],"replies":[{"embeddable":true,"href":"https:\/\/adwokatura.krakow.pl\/adwokaci-i-aplikanci\/wp-json\/wp\/v2\/comments?post=4363"}],"version-history":[{"count":15,"href":"https:\/\/adwokatura.krakow.pl\/adwokaci-i-aplikanci\/wp-json\/wp\/v2\/pages\/4363\/revisions"}],"predecessor-version":[{"id":5111,"href":"https:\/\/adwokatura.krakow.pl\/adwokaci-i-aplikanci\/wp-json\/wp\/v2\/pages\/4363\/revisions\/5111"}],"up":[{"embeddable":true,"href":"https:\/\/adwokatura.krakow.pl\/adwokaci-i-aplikanci\/wp-json\/wp\/v2\/pages\/4340"}],"wp:attachment":[{"href":"https:\/\/adwokatura.krakow.pl\/adwokaci-i-aplikanci\/wp-json\/wp\/v2\/media?parent=4363"}],"curies":[{"name":"wp","href":"https:\/\/api.w.org\/{rel}","templated":true}]}}