{"id":227,"date":"2024-03-06T12:52:45","date_gmt":"2024-03-06T11:52:45","guid":{"rendered":"http:\/\/adwokatura.krakow.pl\/klienci\/?page_id=227"},"modified":"2024-03-06T13:02:55","modified_gmt":"2024-03-06T12:02:55","slug":"npp","status":"publish","type":"page","link":"https:\/\/adwokatura.krakow.pl\/klienci\/npp\/","title":{"rendered":"Nieodp\u0142atna pomoc prawna"},"content":{"rendered":"\n<p>Nieodp\u0142atna pomoc prawna kierowana jest do os\u00f3b, kt\u00f3re borykaj\u0105 si\u0119 z problemem prawnym. Profesjonalny prawnik w punkcie nieodp\u0142atnej pomocy prawnej wska\u017ce zainteresowanym obywatelom, jakie s\u0105 ich prawa i obowi\u0105zki oraz poka\u017ce spos\u00f3b rozwi\u0105zania ich problemu prawnego.<\/p>\n\n\n\n<p>Profesjonalny prawnik mo\u017ce tak\u017ce udzieli\u0107 pomocy beneficjentom przy sporz\u0105dzeniu odpowiednich pism takich jak pozew, pismo o zwolnienie od koszt\u00f3w lub o ustanowienie adwokata z urz\u0119du.<\/p>\n\n\n\n<p>Porada prawna udzielana jest w przypadku, gdy problem, z kt\u00f3rym boryka si\u0119 obywatel, ma typowo prawny charakter. Porady prawne udziela profesjonalny prawnik z odpowiednim do\u015bwiadczeniem, np. adwokat, radca prawny, aplikant radcowski lub adwokacki.<\/p>\n\n\n\n<p>SZCZEG\u00d3\u0141OWE INFORMACJE ZNAJDZIECIE PA\u0143STWO NA STRONIE MINISTERSTWA SPRAWIEDLIWO\u015aCI:<\/p>\n\n\n<a class=\"button button--zielony-ze-strzalka\" href=\"https:\/\/www.gov.pl\/web\/nieodplatna-pomoc\/npp\">\n        STRONA MINISTERSTWA SPRAWIEDLIWO\u015aCI<\/a>\n","protected":false},"excerpt":{"rendered":"<p>Nieodp\u0142atna pomoc prawna kierowana jest do os\u00f3b, kt\u00f3re borykaj\u0105 si\u0119 z problemem prawnym. Profesjonalny prawnik w punkcie nieodp\u0142atnej pomocy prawnej wska\u017ce zainteresowanym obywatelom, jakie s\u0105 ich prawa i obowi\u0105zki oraz poka\u017ce spos\u00f3b rozwi\u0105zania ich problemu prawnego. Profesjonalny prawnik mo\u017ce tak\u017ce udzieli\u0107 pomocy beneficjentom przy sporz\u0105dzeniu odpowiednich pism takich jak pozew, pismo o zwolnienie od koszt\u00f3w [&hellip;]<\/p>\n","protected":false},"author":1,"featured_media":0,"parent":0,"menu_order":0,"comment_status":"closed","ping_status":"closed","template":"","meta":{"_acf_changed":false,"inline_featured_image":false,"footnotes":""},"class_list":["post-227","page","type-page","status-publish","hentry"],"acf":[],"_links":{"self":[{"href":"https:\/\/adwokatura.krakow.pl\/klienci\/wp-json\/wp\/v2\/pages\/227","targetHints":{"allow":["GET"]}}],"collection":[{"href":"https:\/\/adwokatura.krakow.pl\/klienci\/wp-json\/wp\/v2\/pages"}],"about":[{"href":"https:\/\/adwokatura.krakow.pl\/klienci\/wp-json\/wp\/v2\/types\/page"}],"author":[{"embeddable":true,"href":"https:\/\/adwokatura.krakow.pl\/klienci\/wp-json\/wp\/v2\/users\/1"}],"replies":[{"embeddable":true,"href":"https:\/\/adwokatura.krakow.pl\/klienci\/wp-json\/wp\/v2\/comments?post=227"}],"version-history":[{"count":5,"href":"https:\/\/adwokatura.krakow.pl\/klienci\/wp-json\/wp\/v2\/pages\/227\/revisions"}],"predecessor-version":[{"id":252,"href":"https:\/\/adwokatura.krakow.pl\/klienci\/wp-json\/wp\/v2\/pages\/227\/revisions\/252"}],"wp:attachment":[{"href":"https:\/\/adwokatura.krakow.pl\/klienci\/wp-json\/wp\/v2\/media?parent=227"}],"curies":[{"name":"wp","href":"https:\/\/api.w.org\/{rel}","templated":true}]}}